{"id":8173,"date":"2024-04-04T19:59:30","date_gmt":"2024-04-04T23:59:30","guid":{"rendered":"https:\/\/lemalnecessaire.com\/contact-us\/"},"modified":"2025-03-14T00:17:08","modified_gmt":"2025-03-14T04:17:08","slug":"contact-us","status":"publish","type":"page","link":"https:\/\/lemalnecessaire.com\/en\/contact-us\/","title":{"rendered":"Contact Us"},"content":{"rendered":"\t\t<div data-elementor-type=\"wp-page\" data-elementor-id=\"8173\" class=\"elementor elementor-8173 elementor-7163\" data-elementor-post-type=\"page\">\n\t\t\t\t<div class=\"elementor-element elementor-element-6d9ab66 qodef-elementor-content-grid e-con-full bg-pattern e-flex e-con e-parent\" data-id=\"6d9ab66\" data-element_type=\"container\" data-settings=\"{&quot;background_background&quot;:&quot;classic&quot;}\">\n\t\t<div class=\"elementor-element elementor-element-e0e465d e-flex e-con-boxed e-con e-child\" data-id=\"e0e465d\" data-element_type=\"container\">\n\t\t\t\t\t<div class=\"e-con-inner\">\n\t\t\t\t<div class=\"elementor-element elementor-element-082eaf9 elementor-widget elementor-widget-mediteraneo_core_section_title\" data-id=\"082eaf9\" data-element_type=\"widget\" data-widget_type=\"mediteraneo_core_section_title.default\">\n\t\t\t\t<div class=\"elementor-widget-container\">\n\t\t\t\t\t<div class=\"qodef-shortcode qodef-m  qodef-section-title qodef-custom-font-374 qodef-alignment--center qodef-show-decoration--yes \">\n\t\t<div class=\"qodef-decoration\" style=\"color: #D5C9A5\">\n\t\t<svg class=\"qodef-svg--separator-bullet\" xmlns=\"http:\/\/www.w3.org\/2000\/svg\" width=\"7\" height=\"7\"><path d=\"M3.5 0 0 2.674 1.337 7h4.326L7 2.674 3.5 0z\" style=\"fill:currentColor\"\/><\/svg>\t<\/div>\n\t\t<h1 class=\"qodef-m-title\" style=\"color: #D5C9A5;font-size: 40px\">\n\t\t\t\t\tContact Us\t\t\t<\/h1>\n\t\t<\/div>\n\t\t\t\t<\/div>\n\t\t\t\t<\/div>\n\t\t\t\t\t<\/div>\n\t\t\t\t<\/div>\n\t\t\t\t<\/div>\n\t\t<div class=\"elementor-element elementor-element-a8bb7b1 e-con-full qodef-elementor-content-grid e-flex e-con e-parent\" data-id=\"a8bb7b1\" data-element_type=\"container\" data-settings=\"{&quot;background_background&quot;:&quot;classic&quot;}\">\n\t\t<div class=\"elementor-element elementor-element-5819f8b e-flex e-con-boxed e-con e-child\" data-id=\"5819f8b\" data-element_type=\"container\">\n\t\t\t\t\t<div class=\"e-con-inner\">\n\t\t<div class=\"elementor-element elementor-element-aafcc7f e-con-full e-flex e-con e-child\" data-id=\"aafcc7f\" data-element_type=\"container\">\n\t\t<div class=\"elementor-element elementor-element-774b122 e-flex e-con-boxed e-con e-child\" data-id=\"774b122\" data-element_type=\"container\">\n\t\t\t\t\t<div class=\"e-con-inner\">\n\t\t\t\t<div class=\"elementor-element elementor-element-eaeb95a elementor-widget__width-initial elementor-widget elementor-widget-mediteraneo_core_single_image\" data-id=\"eaeb95a\" data-element_type=\"widget\" data-widget_type=\"mediteraneo_core_single_image.default\">\n\t\t\t\t<div class=\"elementor-widget-container\">\n\t\t\t\t\t<div class=\"qodef-shortcode qodef-m  qodef-single-image   qodef-layout--default  qodef--retina qodef-alignment--left\">\n\t\t\t<div class=\"qodef-m-image\">\n\t\t\t\t\t\t\t\t\t\t\t\t\t\t<img decoding=\"async\" itemprop=\"image\" src=\"https:\/\/lemalnecessaire.com\/wp-content\/uploads\/2024\/07\/bar-le-mal-necessaire-contact-us-location.png\" width=\"150\" height=\"211\" alt=\"Bar Le Mal N\u00e9cessaire location in Quartier International de Montr\u00e9al, ideal for cocktails and private events\" \/>\n\t\t\t\t\t\t\t\t\t\t\t\t\t<\/div>\n\t<\/div>\n\t\t\t\t<\/div>\n\t\t\t\t<\/div>\n\t\t\t\t<div class=\"elementor-element elementor-element-5ca0a55 elementor-widget elementor-widget-spacer\" data-id=\"5ca0a55\" data-element_type=\"widget\" data-widget_type=\"spacer.default\">\n\t\t\t\t<div class=\"elementor-widget-container\">\n\t\t\t\t\t\t\t<div class=\"elementor-spacer\">\n\t\t\t<div class=\"elementor-spacer-inner\"><\/div>\n\t\t<\/div>\n\t\t\t\t\t\t<\/div>\n\t\t\t\t<\/div>\n\t\t\t\t<div class=\"elementor-element elementor-element-83a0c06 elementor-widget elementor-widget-mediteraneo_core_section_title\" data-id=\"83a0c06\" data-element_type=\"widget\" data-widget_type=\"mediteraneo_core_section_title.default\">\n\t\t\t\t<div class=\"elementor-widget-container\">\n\t\t\t\t\t<div class=\"qodef-shortcode qodef-m  qodef-section-title qodef-custom-font-929 qodef-alignment--center qodef-show-decoration--no qodef-title-break--disabled\">\n\t\t\t<h4 class=\"qodef-m-title\" style=\"color: #D5C9A5\">\n\t\t\t\t\tLocation<br>\t\t\t<\/h4>\n\t\t<\/div>\n\t\t\t\t<\/div>\n\t\t\t\t<\/div>\n\t\t\t\t<div class=\"elementor-element elementor-element-5450b00 no-links-color elementor-widget elementor-widget-text-editor\" data-id=\"5450b00\" data-element_type=\"widget\" data-widget_type=\"text-editor.default\">\n\t\t\t\t<div class=\"elementor-widget-container\">\n\t\t\t\t\t\t\t\t\t<p><a href=\"https:\/\/maps.app.goo.gl\/VvM34PmPbKC1b1dG7\" target=\"_blank\" rel=\"noopener\">1015 rue Saint-Alexandre<br \/>Montr\u00e9al, Qu\u00e9bec<br \/>H2Z 1N9<\/a><\/p><p><a href=\"tel:+15143971118\">(514) 397-1118<\/a><\/p>\t\t\t\t\t\t\t\t<\/div>\n\t\t\t\t<\/div>\n\t\t\t\t\t<\/div>\n\t\t\t\t<\/div>\n\t\t\t\t<\/div>\n\t\t<div class=\"elementor-element elementor-element-7b33bb8 e-con-full e-flex e-con e-child\" data-id=\"7b33bb8\" data-element_type=\"container\">\n\t\t<div class=\"elementor-element elementor-element-86e8576 e-flex e-con-boxed e-con e-child\" data-id=\"86e8576\" data-element_type=\"container\">\n\t\t\t\t\t<div class=\"e-con-inner\">\n\t\t\t\t<div class=\"elementor-element elementor-element-3857d3b elementor-widget__width-initial elementor-widget elementor-widget-mediteraneo_core_single_image\" data-id=\"3857d3b\" data-element_type=\"widget\" data-widget_type=\"mediteraneo_core_single_image.default\">\n\t\t\t\t<div class=\"elementor-widget-container\">\n\t\t\t\t\t<div class=\"qodef-shortcode qodef-m  qodef-single-image   qodef-layout--default  qodef--retina qodef-alignment--left\">\n\t\t\t<div class=\"qodef-m-image\">\n\t\t\t\t\t\t\t\t\t\t\t\t\t\t<img decoding=\"async\" itemprop=\"image\" src=\"https:\/\/lemalnecessaire.com\/wp-content\/uploads\/2024\/07\/bar-le-mal-necessaire-opening-hours.png\" width=\"150\" height=\"211\" alt=\"Bar Le Mal N\u00e9cessaire opening hours: Open daily for cocktails, nightlife, and private events in Montreal\" \/>\n\t\t\t\t\t\t\t\t\t\t\t\t\t<\/div>\n\t<\/div>\n\t\t\t\t<\/div>\n\t\t\t\t<\/div>\n\t\t\t\t<div class=\"elementor-element elementor-element-114fc95 elementor-widget elementor-widget-spacer\" data-id=\"114fc95\" data-element_type=\"widget\" data-widget_type=\"spacer.default\">\n\t\t\t\t<div class=\"elementor-widget-container\">\n\t\t\t\t\t\t\t<div class=\"elementor-spacer\">\n\t\t\t<div class=\"elementor-spacer-inner\"><\/div>\n\t\t<\/div>\n\t\t\t\t\t\t<\/div>\n\t\t\t\t<\/div>\n\t\t\t\t<div class=\"elementor-element elementor-element-d14969f elementor-widget elementor-widget-mediteraneo_core_section_title\" data-id=\"d14969f\" data-element_type=\"widget\" data-widget_type=\"mediteraneo_core_section_title.default\">\n\t\t\t\t<div class=\"elementor-widget-container\">\n\t\t\t\t\t<div class=\"qodef-shortcode qodef-m  qodef-section-title qodef-custom-font-870 qodef-alignment--center qodef-show-decoration--no \">\n\t\t\t<h4 class=\"qodef-m-title\" style=\"color: #D5C9A5\">\n\t\t\t\t\tOpening <span class=\"qodef-highlight-text\" style=\"color: #D5C9A5\">Hours\t\t\t<\/h4>\n\t\t<\/div>\n\t\t\t\t<\/div>\n\t\t\t\t<\/div>\n\t\t\t\t<div class=\"elementor-element elementor-element-bb2bbef elementor-widget elementor-widget-text-editor\" data-id=\"bb2bbef\" data-element_type=\"widget\" data-widget_type=\"text-editor.default\">\n\t\t\t\t<div class=\"elementor-widget-container\">\n\t\t\t\t\t\t\t\t\t<p>Sunday to Thursday<br \/>4:30pm &#8211; 2:00am<\/p><p>Friday and Saturday<br \/>4:30pm &#8211; 3:00am<\/p>\t\t\t\t\t\t\t\t<\/div>\n\t\t\t\t<\/div>\n\t\t\t\t\t<\/div>\n\t\t\t\t<\/div>\n\t\t\t\t<\/div>\n\t\t\t\t\t<\/div>\n\t\t\t\t<\/div>\n\t\t\t\t<\/div>\n\t\t<div class=\"elementor-element elementor-element-6fbf761 e-con-full qodef-elementor-content-grid e-flex e-con e-parent\" data-id=\"6fbf761\" data-element_type=\"container\" data-settings=\"{&quot;background_background&quot;:&quot;classic&quot;}\">\n\t\t<div class=\"elementor-element elementor-element-69daf09 e-flex e-con-boxed e-con e-child\" data-id=\"69daf09\" data-element_type=\"container\">\n\t\t\t\t\t<div class=\"e-con-inner\">\n\t\t\t\t<div class=\"elementor-element elementor-element-4692abb elementor-widget__width-inherit elementor-widget elementor-widget-mediteraneo_core_google_map\" data-id=\"4692abb\" data-element_type=\"widget\" data-widget_type=\"mediteraneo_core_google_map.default\">\n\t\t\t\t<div class=\"elementor-widget-container\">\n\t\t\t\t\t<div class=\"qodef-shortcode qodef-m  qodef-google-map\">\n\t<div class=\"qodef-m-map\" id=\"qodef-map-id--931\" data-addresses='[\"Bar Le Mal N\u00e9cessaire\"]' data-pin=https:\/\/lemalnecessaire.com\/wp-content\/uploads\/2024\/07\/bar-le-mal-necessaire-map-pin.png data-unique-id=931 data-height=400><\/div>\n<\/div>\n\t\t\t\t<\/div>\n\t\t\t\t<\/div>\n\t\t\t\t\t<\/div>\n\t\t\t\t<\/div>\n\t\t\t\t<\/div>\n\t\t<div class=\"elementor-element elementor-element-e6a226b e-con-full qodef-elementor-content-grid e-flex e-con e-parent\" data-id=\"e6a226b\" data-element_type=\"container\" data-settings=\"{&quot;background_background&quot;:&quot;classic&quot;}\">\n\t\t<div class=\"elementor-element elementor-element-fc300f2 e-flex e-con-boxed e-con e-child\" data-id=\"fc300f2\" data-element_type=\"container\">\n\t\t\t\t\t<div class=\"e-con-inner\">\n\t\t\t\t<div class=\"elementor-element elementor-element-56da7ab elementor-widget elementor-widget-mediteraneo_core_section_title\" data-id=\"56da7ab\" data-element_type=\"widget\" data-widget_type=\"mediteraneo_core_section_title.default\">\n\t\t\t\t<div class=\"elementor-widget-container\">\n\t\t\t\t\t<div class=\"qodef-shortcode qodef-m  qodef-section-title qodef-custom-font-441 qodef-alignment--center qodef-show-decoration--yes qodef-title-break--disabled\">\n\t\t<div class=\"qodef-decoration\" style=\"color: #D5C9A5\">\n\t\t<svg class=\"qodef-svg--separator-bullet\" xmlns=\"http:\/\/www.w3.org\/2000\/svg\" width=\"7\" height=\"7\"><path d=\"M3.5 0 0 2.674 1.337 7h4.326L7 2.674 3.5 0z\" style=\"fill:currentColor\"\/><\/svg>\t<\/div>\n\t\t<h2 class=\"qodef-m-title\" style=\"color: #D5C9A5\">\n\t\t\t\t\tFor General Enquiries\t\t\t<\/h2>\n\t\t<\/div>\n\t\t\t\t<\/div>\n\t\t\t\t<\/div>\n\t\t\t\t<div class=\"elementor-element elementor-element-1ad27b1 elementor-widget elementor-widget-spacer\" data-id=\"1ad27b1\" data-element_type=\"widget\" data-widget_type=\"spacer.default\">\n\t\t\t\t<div class=\"elementor-widget-container\">\n\t\t\t\t\t\t\t<div class=\"elementor-spacer\">\n\t\t\t<div class=\"elementor-spacer-inner\"><\/div>\n\t\t<\/div>\n\t\t\t\t\t\t<\/div>\n\t\t\t\t<\/div>\n\t\t\t\t<div class=\"elementor-element elementor-element-7ca60c6 elementor-widget__width-inherit elementor-widget elementor-widget-qi_addons_for_elementor_contact_form_7\" data-id=\"7ca60c6\" data-element_type=\"widget\" data-widget_type=\"qi_addons_for_elementor_contact_form_7.default\">\n\t\t\t\t<div class=\"elementor-widget-container\">\n\t\t\t\t\t<div class=\"qodef-shortcode qodef-m qodef-qi-contact-form-7\">\n\t\n<div class=\"wpcf7 no-js\" id=\"wpcf7-f8218-o1\" lang=\"en-US\" dir=\"ltr\" data-wpcf7-id=\"8218\">\n<div class=\"screen-reader-response\"><p role=\"status\" aria-live=\"polite\" aria-atomic=\"true\"><\/p> <ul><\/ul><\/div>\n<form action=\"\/en\/wp-json\/wp\/v2\/pages\/8173#wpcf7-f8218-o1\" method=\"post\" class=\"wpcf7-form init\" aria-label=\"Contact form\" novalidate=\"novalidate\" data-status=\"init\">\n<fieldset class=\"hidden-fields-container\"><input type=\"hidden\" name=\"_wpcf7\" value=\"8218\" \/><input type=\"hidden\" name=\"_wpcf7_version\" value=\"6.1.3\" \/><input type=\"hidden\" name=\"_wpcf7_locale\" value=\"en_US\" \/><input type=\"hidden\" name=\"_wpcf7_unit_tag\" value=\"wpcf7-f8218-o1\" \/><input type=\"hidden\" name=\"_wpcf7_container_post\" value=\"0\" \/><input type=\"hidden\" name=\"_wpcf7_posted_data_hash\" value=\"\" \/><input type=\"hidden\" name=\"_wpcf7_recaptcha_response\" value=\"\" \/>\n<\/fieldset>\n<div class=\"qodef-main-contact-form\">\n\n<div class=\"qodef-contact-form-data\">\n\n <div class=\"qodef-contact-form-name\">\n\n  <span class=\"wpcf7-form-control-wrap\" data-name=\"your-name\"><input size=\"40\" maxlength=\"400\" class=\"wpcf7-form-control wpcf7-text wpcf7-validates-as-required\" aria-required=\"true\" aria-invalid=\"false\" placeholder=\"Name\" value=\"\" type=\"text\" name=\"your-name\" \/><\/span>\n\n <\/div>\n\n <div class=\"qodef-grid qodef-col-num--2\">\n  \n  <div class=\"qodef-grid-inner\">\n  \n    <div class=\"qodef-grid-item qodef-contact-form-email\">\n\n      <span class=\"wpcf7-form-control-wrap\" data-name=\"your-email\"><input size=\"40\" maxlength=\"400\" class=\"wpcf7-form-control wpcf7-email wpcf7-validates-as-required wpcf7-text wpcf7-validates-as-email\" aria-required=\"true\" aria-invalid=\"false\" placeholder=\"Email\" value=\"\" type=\"email\" name=\"your-email\" \/><\/span>\n\n    <\/div>\n\n    <div class=\"qodef-grid-item qodef-contact-form-phone\">\n\n      <span class=\"wpcf7-form-control-wrap\" data-name=\"your-phone\"><input size=\"40\" maxlength=\"400\" class=\"wpcf7-form-control wpcf7-text\" aria-invalid=\"false\" placeholder=\"Phone Number\" value=\"\" type=\"text\" name=\"your-phone\" \/><\/span>\n\n    <\/div>\n\n  <\/div>\n\n <\/div>\n\n <div class=\"qodef-contact-form-message\">\n\n  <span class=\"wpcf7-form-control-wrap\" data-name=\"message\"><textarea cols=\"40\" rows=\"4\" maxlength=\"2000\" class=\"wpcf7-form-control wpcf7-textarea\" aria-invalid=\"false\" placeholder=\"Message\" name=\"message\"><\/textarea><\/span>\n\n <\/div>\n\n <p class=\"grecaptcha-text\">\n   This site is protected by reCAPTCHA and the Google <a href=\"https:\/\/policies.google.com\/privacy\" target=\"_blank\" rel=\"noopener\">Privacy Policy<\/a> and <a href=\"https:\/\/policies.google.com\/terms\" target=\"_blank\" rel=\"noopener\">Terms of Service<\/a> apply.\n <\/p>\n\n<\/div>\n\n<div class=\"qodef-submit\">\n\n   <button class=\"wpcf7-form-control wpcf7-submit qodef-button qodef-size--normal qodef-layout--filled qodef-m\" type=\"submit\"><span class=\"qodef-m-text\">Send<\/span><\/button>\n\n<\/div>\n\n<\/div><div class=\"wpcf7-response-output\" aria-hidden=\"true\"><\/div>\n<\/form>\n<\/div>\n<\/div>\n\t\t\t\t<\/div>\n\t\t\t\t<\/div>\n\t\t\t\t\t<\/div>\n\t\t\t\t<\/div>\n\t\t\t\t<\/div>\n\t\t<div class=\"elementor-element elementor-element-c043141 e-con-full qodef-elementor-content-grid e-flex e-con e-parent\" data-id=\"c043141\" data-element_type=\"container\" data-settings=\"{&quot;background_background&quot;:&quot;classic&quot;}\">\n\t\t<div class=\"elementor-element elementor-element-116261a e-flex e-con-boxed e-con e-child\" data-id=\"116261a\" data-element_type=\"container\">\n\t\t\t\t\t<div class=\"e-con-inner\">\n\t\t\t\t<div class=\"elementor-element elementor-element-d18f739 elementor-widget elementor-widget-text-editor\" data-id=\"d18f739\" data-element_type=\"widget\" data-widget_type=\"text-editor.default\">\n\t\t\t\t<div class=\"elementor-widget-container\">\n\t\t\t\t\t\t\t\t\t<p>Want to join the team? Send your CV to <a href=\"mailto:cv@lemalnecessaire.com\">cv@lemalnecessaire.com<\/a><\/p>\t\t\t\t\t\t\t\t<\/div>\n\t\t\t\t<\/div>\n\t\t\t\t\t<\/div>\n\t\t\t\t<\/div>\n\t\t\t\t<\/div>\n\t\t\t\t<\/div>\n\t\t","protected":false},"excerpt":{"rendered":"<p>Contact Us Location 1015 rue Saint-AlexandreMontr\u00e9al, Qu\u00e9becH2Z 1N9 (514) 397-1118 Opening Hours Sunday to Thursday4:30pm &#8211; 2:00am Friday and Saturday4:30pm &#8211; 3:00am For General Enquiries Ce site est prot\u00e9g\u00e9 par reCAPTCHA et les r\u00e8gles de confidentialit\u00e9 et les conditions d&#8217;utilisation de Google s&#8217;appliquent. Envoyer Want to join the team? Send your CV to cv@lemalnecessaire.com<\/p>\n","protected":false},"author":1,"featured_media":0,"parent":0,"menu_order":0,"comment_status":"closed","ping_status":"closed","template":"page-full-width.php","meta":{"inline_featured_image":false,"footnotes":""},"class_list":["post-8173","page","type-page","status-publish","hentry"],"_links":{"self":[{"href":"https:\/\/lemalnecessaire.com\/en\/wp-json\/wp\/v2\/pages\/8173","targetHints":{"allow":["GET"]}}],"collection":[{"href":"https:\/\/lemalnecessaire.com\/en\/wp-json\/wp\/v2\/pages"}],"about":[{"href":"https:\/\/lemalnecessaire.com\/en\/wp-json\/wp\/v2\/types\/page"}],"author":[{"embeddable":true,"href":"https:\/\/lemalnecessaire.com\/en\/wp-json\/wp\/v2\/users\/1"}],"replies":[{"embeddable":true,"href":"https:\/\/lemalnecessaire.com\/en\/wp-json\/wp\/v2\/comments?post=8173"}],"version-history":[{"count":28,"href":"https:\/\/lemalnecessaire.com\/en\/wp-json\/wp\/v2\/pages\/8173\/revisions"}],"predecessor-version":[{"id":9062,"href":"https:\/\/lemalnecessaire.com\/en\/wp-json\/wp\/v2\/pages\/8173\/revisions\/9062"}],"wp:attachment":[{"href":"https:\/\/lemalnecessaire.com\/en\/wp-json\/wp\/v2\/media?parent=8173"}],"curies":[{"name":"wp","href":"https:\/\/api.w.org\/{rel}","templated":true}]}}