{"id":8556,"date":"2024-08-22T00:39:21","date_gmt":"2024-08-22T04:39:21","guid":{"rendered":"https:\/\/lemalnecessaire.com\/?page_id=8556"},"modified":"2025-10-29T09:43:24","modified_gmt":"2025-10-29T13:43:24","slug":"faq","status":"publish","type":"page","link":"https:\/\/lemalnecessaire.com\/en\/faq\/","title":{"rendered":"FAQ"},"content":{"rendered":"\t\t<div data-elementor-type=\"wp-page\" data-elementor-id=\"8556\" class=\"elementor elementor-8556 elementor-8434\" data-elementor-post-type=\"page\">\n\t\t\t\t<div class=\"elementor-element elementor-element-dba7039 qodef-elementor-content-grid e-con-full bg-pattern e-flex e-con e-parent\" data-id=\"dba7039\" data-element_type=\"container\" data-settings=\"{&quot;background_background&quot;:&quot;classic&quot;}\">\n\t\t<div class=\"elementor-element elementor-element-06ff34e e-flex e-con-boxed e-con e-child\" data-id=\"06ff34e\" data-element_type=\"container\">\n\t\t\t\t\t<div class=\"e-con-inner\">\n\t\t\t\t<div class=\"elementor-element elementor-element-7545292 elementor-widget elementor-widget-mediteraneo_core_section_title\" data-id=\"7545292\" data-element_type=\"widget\" data-widget_type=\"mediteraneo_core_section_title.default\">\n\t\t\t\t<div class=\"elementor-widget-container\">\n\t\t\t\t\t<div class=\"qodef-shortcode qodef-m  qodef-section-title qodef-custom-font-913 qodef-alignment--center qodef-show-decoration--yes \">\n\t\t<div class=\"qodef-decoration\" style=\"color: #D5C9A5\">\n\t\t<svg class=\"qodef-svg--separator-bullet\" xmlns=\"http:\/\/www.w3.org\/2000\/svg\" width=\"7\" height=\"7\"><path d=\"M3.5 0 0 2.674 1.337 7h4.326L7 2.674 3.5 0z\" style=\"fill:currentColor\"\/><\/svg>\t<\/div>\n\t\t<h1 class=\"qodef-m-title\" style=\"color: #D5C9A5;font-size: 40px\">\n\t\t\t\t\tFrequently Asked Questions\t\t\t<\/h1>\n\t\t<\/div>\n\t\t\t\t<\/div>\n\t\t\t\t<\/div>\n\t\t\t\t\t<\/div>\n\t\t\t\t<\/div>\n\t\t\t\t<\/div>\n\t\t<div class=\"elementor-element elementor-element-e36f71e e-con-full e-flex e-con e-parent\" data-id=\"e36f71e\" data-element_type=\"container\">\n\t\t<div class=\"elementor-element elementor-element-a958ae9 e-con-full e-flex e-con e-child\" data-id=\"a958ae9\" data-element_type=\"container\" data-settings=\"{&quot;background_background&quot;:&quot;classic&quot;}\">\n\t\t\t\t<\/div>\n\t\t\t\t<\/div>\n\t\t<div class=\"elementor-element elementor-element-a8bb7b1 qodef-elementor-content-grid e-con-full e-flex e-con e-parent\" data-id=\"a8bb7b1\" data-element_type=\"container\" data-settings=\"{&quot;background_background&quot;:&quot;classic&quot;}\">\n\t\t<div class=\"elementor-element elementor-element-17910ae e-flex e-con-boxed e-con e-child\" data-id=\"17910ae\" data-element_type=\"container\">\n\t\t\t\t\t<div class=\"e-con-inner\">\n\t\t\t\t<div class=\"elementor-element elementor-element-4b1ed26 elementor-widget elementor-widget-mediteraneo_core_section_title\" data-id=\"4b1ed26\" data-element_type=\"widget\" data-widget_type=\"mediteraneo_core_section_title.default\">\n\t\t\t\t<div class=\"elementor-widget-container\">\n\t\t\t\t\t<div class=\"qodef-shortcode qodef-m  qodef-section-title qodef-custom-font-564 qodef-alignment--left qodef-show-decoration--no \">\n\t\t\t<h2 class=\"qodef-m-title\" >\n\t\t\t\t\tGeneral <span class=\"qodef-highlight-text\">Questions\t\t\t<\/h2>\n\t\t<\/div>\n\t\t\t\t<\/div>\n\t\t\t\t<\/div>\n\t\t\t\t<div class=\"elementor-element elementor-element-60e62ee elementor-widget elementor-widget-spacer\" data-id=\"60e62ee\" data-element_type=\"widget\" data-widget_type=\"spacer.default\">\n\t\t\t\t<div class=\"elementor-widget-container\">\n\t\t\t\t\t\t\t<div class=\"elementor-spacer\">\n\t\t\t<div class=\"elementor-spacer-inner\"><\/div>\n\t\t<\/div>\n\t\t\t\t\t\t<\/div>\n\t\t\t\t<\/div>\n\t\t\t\t<div class=\"elementor-element elementor-element-4ba45b4 elementor-widget__width-inherit elementor-widget elementor-widget-mediteraneo_core_accordion\" data-id=\"4ba45b4\" data-element_type=\"widget\" data-widget_type=\"mediteraneo_core_accordion.default\">\n\t\t\t\t<div class=\"elementor-widget-container\">\n\t\t\t\t\t<div class=\"qodef-shortcode qodef-m  qodef-accordion clear qodef-behavior--toggle qodef-layout--simple\">\n\t<h5 class=\"qodef-accordion-title\">\n\t<span class=\"qodef-tab-title\">What are your opening hours?<\/span>\n\t<span class=\"qodef-accordion-mark\">\n\t\t<span class=\"qodef-icon--plus\">+<\/span>\n\t\t<span class=\"qodef-icon--minus\">-<\/span>\n\t<\/span>\n<\/h5>\n<div class=\"qodef-accordion-content\">\n\t<div class=\"qodef-accordion-content-inner\">\n\t\t<p>Bar Le Mal N\u00e9cessaire is open daily from 4:30 PM to 2:00 AM, Sunday through Thursday, and until 3:00 AM on weekends (Friday and Saturday nights)<\/p>\t<\/div>\n<\/div>\n<h5 class=\"qodef-accordion-title\">\n\t<span class=\"qodef-tab-title\">Where is Bar Le Mal N\u00e9cessaire located?<\/span>\n\t<span class=\"qodef-accordion-mark\">\n\t\t<span class=\"qodef-icon--plus\">+<\/span>\n\t\t<span class=\"qodef-icon--minus\">-<\/span>\n\t<\/span>\n<\/h5>\n<div class=\"qodef-accordion-content\">\n\t<div class=\"qodef-accordion-content-inner\">\n\t\t<p>Bar Le Mal N\u00e9cessaire is located in the Quartier international de Montr\u00e9al on rue Saint-Alexandre between rue Viger O. and de La Gaucheti\u00e8re O. We are conveniently located between the Palais des congr\u00e8s convention center and Square-Victoria.<\/p>\t<\/div>\n<\/div>\n<h5 class=\"qodef-accordion-title\">\n\t<span class=\"qodef-tab-title\">What hotels are located closeby?<\/span>\n\t<span class=\"qodef-accordion-mark\">\n\t\t<span class=\"qodef-icon--plus\">+<\/span>\n\t\t<span class=\"qodef-icon--minus\">-<\/span>\n\t<\/span>\n<\/h5>\n<div class=\"qodef-accordion-content\">\n\t<div class=\"qodef-accordion-content-inner\">\n\t\t<p>The bar is conveniently located within walking distance to several hotels including: Humaniti, Westin, Intercontinental, W, Monville, AC, Courtyard, Embassy Suites, and Doubletree, making it easy for visitors to find a great cocktail bar nearby.<\/p>\t<\/div>\n<\/div>\n<h5 class=\"qodef-accordion-title\">\n\t<span class=\"qodef-tab-title\">Do I need to make a reservation?<\/span>\n\t<span class=\"qodef-accordion-mark\">\n\t\t<span class=\"qodef-icon--plus\">+<\/span>\n\t\t<span class=\"qodef-icon--minus\">-<\/span>\n\t<\/span>\n<\/h5>\n<div class=\"qodef-accordion-content\">\n\t<div class=\"qodef-accordion-content-inner\">\n\t\t<p>While reservations are optional, we highly recommend them, especially for groups of five or more, to ensure you experience the best cocktails in Montreal without the wait. You can book through <a href=\"https:\/\/resy.com\/cities\/montreal-qc\/venues\/bar-le-mal-necessaire\" target=\"_blank\" rel=\"noopener\">Resy<\/a>.<\/p><p>Please note that reservations are not available on Fridays and Saturdays, as we operate on a first-come, first-served basis. However, even on our busiest nights, the wait for a table rarely exceeds 15 minutes.<\/p><p>Groups of 10 or more must contact <a href=\"mailto:info@lemalnecessaire.com\">info@lemalnecessaire.com<\/a> to make a reservation.<\/p>\t<\/div>\n<\/div>\n<\/div>\n\t\t\t\t<\/div>\n\t\t\t\t<\/div>\n\t\t\t\t\t<\/div>\n\t\t\t\t<\/div>\n\t\t<div class=\"elementor-element elementor-element-0470c08 e-flex e-con-boxed e-con e-child\" data-id=\"0470c08\" data-element_type=\"container\">\n\t\t\t\t\t<div class=\"e-con-inner\">\n\t\t\t\t<div class=\"elementor-element elementor-element-fc4db34 elementor-widget elementor-widget-mediteraneo_core_section_title\" data-id=\"fc4db34\" data-element_type=\"widget\" data-widget_type=\"mediteraneo_core_section_title.default\">\n\t\t\t\t<div class=\"elementor-widget-container\">\n\t\t\t\t\t<div class=\"qodef-shortcode qodef-m  qodef-section-title qodef-custom-font-38 qodef-alignment--left qodef-show-decoration--no \">\n\t\t\t<h2 class=\"qodef-m-title\" >\n\t\t\t\t\tCocktail and Menu <span class=\"qodef-highlight-text\">Related Questions\t\t\t<\/h2>\n\t\t<\/div>\n\t\t\t\t<\/div>\n\t\t\t\t<\/div>\n\t\t\t\t<div class=\"elementor-element elementor-element-41ec437 elementor-widget elementor-widget-spacer\" data-id=\"41ec437\" data-element_type=\"widget\" data-widget_type=\"spacer.default\">\n\t\t\t\t<div class=\"elementor-widget-container\">\n\t\t\t\t\t\t\t<div class=\"elementor-spacer\">\n\t\t\t<div class=\"elementor-spacer-inner\"><\/div>\n\t\t<\/div>\n\t\t\t\t\t\t<\/div>\n\t\t\t\t<\/div>\n\t\t\t\t<div class=\"elementor-element elementor-element-e22474b elementor-widget__width-inherit elementor-widget elementor-widget-mediteraneo_core_accordion\" data-id=\"e22474b\" data-element_type=\"widget\" data-widget_type=\"mediteraneo_core_accordion.default\">\n\t\t\t\t<div class=\"elementor-widget-container\">\n\t\t\t\t\t<div class=\"qodef-shortcode qodef-m  qodef-accordion clear qodef-behavior--toggle qodef-layout--simple\">\n\t<h5 class=\"qodef-accordion-title\">\n\t<span class=\"qodef-tab-title\">What cocktails are on the menu?<\/span>\n\t<span class=\"qodef-accordion-mark\">\n\t\t<span class=\"qodef-icon--plus\">+<\/span>\n\t\t<span class=\"qodef-icon--minus\">-<\/span>\n\t<\/span>\n<\/h5>\n<div class=\"qodef-accordion-content\">\n\t<div class=\"qodef-accordion-content-inner\">\n\t\t<p>Our cocktail menu features a mix of signature and classic drinks, known for their use of fresh exotic fruits. Enjoy unique creations like the Painkiller, Pi\u00f1a Fuego, and Pi\u00f1a Colada, or classic cocktails with our distinct twist. We\u2019re proud to offer some of the best artisan cocktails in Montreal. If you have specific preferences, let us know, and we\u2019ll craft your drink to your taste.<\/p>\t<\/div>\n<\/div>\n<h5 class=\"qodef-accordion-title\">\n\t<span class=\"qodef-tab-title\">What are the most popular cocktails on the menu?<\/span>\n\t<span class=\"qodef-accordion-mark\">\n\t\t<span class=\"qodef-icon--plus\">+<\/span>\n\t\t<span class=\"qodef-icon--minus\">-<\/span>\n\t<\/span>\n<\/h5>\n<div class=\"qodef-accordion-content\">\n\t<div class=\"qodef-accordion-content-inner\">\n\t\t<p>Our most popular signature cocktails are the Champagne Papi and Le Mal N\u00e9cessaire \u2013 two signature cocktails that capture the essence of our Montreal bar experience.<\/p>\t<\/div>\n<\/div>\n<h5 class=\"qodef-accordion-title\">\n\t<span class=\"qodef-tab-title\">Do you have non-alcoholic options?<\/span>\n\t<span class=\"qodef-accordion-mark\">\n\t\t<span class=\"qodef-icon--plus\">+<\/span>\n\t\t<span class=\"qodef-icon--minus\">-<\/span>\n\t<\/span>\n<\/h5>\n<div class=\"qodef-accordion-content\">\n\t<div class=\"qodef-accordion-content-inner\">\n\t\t<p>We offer non-alcoholic versions of many of our signature cocktails. Consult the \u201cVirgin Cocktails\u201d section of our <a href=\"https:\/\/lemalnecessaire.com\/wp-content\/uploads\/2024\/07\/Le_Mal_Necessaire_Menu_EN.pdf\">menu<\/a> for a full range of delicious, alcohol-free options.<\/p>\t<\/div>\n<\/div>\n<\/div>\n\t\t\t\t<\/div>\n\t\t\t\t<\/div>\n\t\t\t\t\t<\/div>\n\t\t\t\t<\/div>\n\t\t<div class=\"elementor-element elementor-element-93c643c e-flex e-con-boxed e-con e-child\" data-id=\"93c643c\" data-element_type=\"container\">\n\t\t\t\t\t<div class=\"e-con-inner\">\n\t\t\t\t<div class=\"elementor-element elementor-element-b248146 elementor-widget elementor-widget-mediteraneo_core_section_title\" data-id=\"b248146\" data-element_type=\"widget\" data-widget_type=\"mediteraneo_core_section_title.default\">\n\t\t\t\t<div class=\"elementor-widget-container\">\n\t\t\t\t\t<div class=\"qodef-shortcode qodef-m  qodef-section-title qodef-custom-font-831 qodef-alignment--left qodef-show-decoration--no \">\n\t\t\t<h2 class=\"qodef-m-title\" >\n\t\t\t\t\tPrivate Event <span class=\"qodef-highlight-text\">Questions\t\t\t<\/h2>\n\t\t<\/div>\n\t\t\t\t<\/div>\n\t\t\t\t<\/div>\n\t\t\t\t<div class=\"elementor-element elementor-element-afe8111 elementor-widget elementor-widget-spacer\" data-id=\"afe8111\" data-element_type=\"widget\" data-widget_type=\"spacer.default\">\n\t\t\t\t<div class=\"elementor-widget-container\">\n\t\t\t\t\t\t\t<div class=\"elementor-spacer\">\n\t\t\t<div class=\"elementor-spacer-inner\"><\/div>\n\t\t<\/div>\n\t\t\t\t\t\t<\/div>\n\t\t\t\t<\/div>\n\t\t\t\t<div class=\"elementor-element elementor-element-c69973b elementor-widget__width-inherit elementor-widget elementor-widget-mediteraneo_core_accordion\" data-id=\"c69973b\" data-element_type=\"widget\" data-widget_type=\"mediteraneo_core_accordion.default\">\n\t\t\t\t<div class=\"elementor-widget-container\">\n\t\t\t\t\t<div class=\"qodef-shortcode qodef-m  qodef-accordion clear qodef-behavior--toggle qodef-layout--simple\">\n\t<h5 class=\"qodef-accordion-title\">\n\t<span class=\"qodef-tab-title\">How can I book a private event at Bar Le Mal N\u00e9cessaire?<\/span>\n\t<span class=\"qodef-accordion-mark\">\n\t\t<span class=\"qodef-icon--plus\">+<\/span>\n\t\t<span class=\"qodef-icon--minus\">-<\/span>\n\t<\/span>\n<\/h5>\n<div class=\"qodef-accordion-content\">\n\t<div class=\"qodef-accordion-content-inner\">\n\t\t<p>To book a private event, please write to <a href=\"mailto:info@lemalnecessaire.com\">info@lemalnecessaire.com<\/a> with all the relevant information including the event date, start time, end time, number of people, food and drink requirements. We will respond within 24 hours to assist with event planning and discuss pricing. Once the details are confirmed, we will send you an invoice for the payment (whether it is a deposit or the full amount, depending on the agreed terms). Please note that the booking will only be confirmed once this payment has been received.<\/p>\t<\/div>\n<\/div>\n<h5 class=\"qodef-accordion-title\">\n\t<span class=\"qodef-tab-title\">What is the capacity of your private event space?<\/span>\n\t<span class=\"qodef-accordion-mark\">\n\t\t<span class=\"qodef-icon--plus\">+<\/span>\n\t\t<span class=\"qodef-icon--minus\">-<\/span>\n\t<\/span>\n<\/h5>\n<div class=\"qodef-accordion-content\">\n\t<div class=\"qodef-accordion-content-inner\">\n\t\t<p>Our private event space can accommodate up to 65 guests, with a minimum of 30 required. If you would like to rent and privatize the entire bar for a larger event, we can accommodate up to 160 guests, with a minimum of 90 required.<\/p>\t<\/div>\n<\/div>\n<h5 class=\"qodef-accordion-title\">\n\t<span class=\"qodef-tab-title\">What catering options are available for private events?<\/span>\n\t<span class=\"qodef-accordion-mark\">\n\t\t<span class=\"qodef-icon--plus\">+<\/span>\n\t\t<span class=\"qodef-icon--minus\">-<\/span>\n\t<\/span>\n<\/h5>\n<div class=\"qodef-accordion-content\">\n\t<div class=\"qodef-accordion-content-inner\">\n\t\t<p>We offer a variety of catering options to suit your private event, whether it\u2019s an intimate gathering or a large corporate event. You can choose from our freshly made in-house menu or work with our exclusive catering partner, <a href=\"https:\/\/www.brera.ca\/breracatering\/\" target=\"_blank\" rel=\"noopener\">Traiteur Brera<\/a>.<\/p>\t<\/div>\n<\/div>\n<h5 class=\"qodef-accordion-title\">\n\t<span class=\"qodef-tab-title\">Is there a minimum duration for booking the private room?<\/span>\n\t<span class=\"qodef-accordion-mark\">\n\t\t<span class=\"qodef-icon--plus\">+<\/span>\n\t\t<span class=\"qodef-icon--minus\">-<\/span>\n\t<\/span>\n<\/h5>\n<div class=\"qodef-accordion-content\">\n\t<div class=\"qodef-accordion-content-inner\">\n\t\t<p>A minimum rental of 3 hours is required for booking the private event space.<\/p>\t<\/div>\n<\/div>\n<h5 class=\"qodef-accordion-title\">\n\t<span class=\"qodef-tab-title\">Can I bring my own DJ or entertainment?<\/span>\n\t<span class=\"qodef-accordion-mark\">\n\t\t<span class=\"qodef-icon--plus\">+<\/span>\n\t\t<span class=\"qodef-icon--minus\">-<\/span>\n\t<\/span>\n<\/h5>\n<div class=\"qodef-accordion-content\">\n\t<div class=\"qodef-accordion-content-inner\">\n\t\t<p>Bar Le Mal N\u00e9cessaire hires DJs every night to curate the evening\u2019s music from 6pm onwards. If you\u2019re renting the entire space, you can bring your own DJ or live band with prior approval. However, for the private room, since the music is connected throughout the bar, we handle the DJ booking to ensure a seamless experience.<\/p>\t<\/div>\n<\/div>\n<h5 class=\"qodef-accordion-title\">\n\t<span class=\"qodef-tab-title\">Can I bring my own alcoholic beverages for a private party?<\/span>\n\t<span class=\"qodef-accordion-mark\">\n\t\t<span class=\"qodef-icon--plus\">+<\/span>\n\t\t<span class=\"qodef-icon--minus\">-<\/span>\n\t<\/span>\n<\/h5>\n<div class=\"qodef-accordion-content\">\n\t<div class=\"qodef-accordion-content-inner\">\n\t\t<p>No. Alcohol must be purchased directly at the bar. For special requests, we can always order the specific alcohol for you to serve during your event given enough lead time.<\/p>\t<\/div>\n<\/div>\n<h5 class=\"qodef-accordion-title\">\n\t<span class=\"qodef-tab-title\">Can I visit the private room before booking?<\/span>\n\t<span class=\"qodef-accordion-mark\">\n\t\t<span class=\"qodef-icon--plus\">+<\/span>\n\t\t<span class=\"qodef-icon--minus\">-<\/span>\n\t<\/span>\n<\/h5>\n<div class=\"qodef-accordion-content\">\n\t<div class=\"qodef-accordion-content-inner\">\n\t\t<p>Yes. You are welcome to stop by during our hours of operation to see the event venue. Please ask a member of our staff to show you the private room.<\/p>\t<\/div>\n<\/div>\n<h5 class=\"qodef-accordion-title\">\n\t<span class=\"qodef-tab-title\">Do you provide tables and chairs for seated dinners?<\/span>\n\t<span class=\"qodef-accordion-mark\">\n\t\t<span class=\"qodef-icon--plus\">+<\/span>\n\t\t<span class=\"qodef-icon--minus\">-<\/span>\n\t<\/span>\n<\/h5>\n<div class=\"qodef-accordion-content\">\n\t<div class=\"qodef-accordion-content-inner\">\n\t\t<p>Yes, seating options as shown in our photos are included with the rental. Our event planner can help you arrange the best setup for your event in our private space.<\/p>\t<\/div>\n<\/div>\n<h5 class=\"qodef-accordion-title\">\n\t<span class=\"qodef-tab-title\">Is security required for large events?<\/span>\n\t<span class=\"qodef-accordion-mark\">\n\t\t<span class=\"qodef-icon--plus\">+<\/span>\n\t\t<span class=\"qodef-icon--minus\">-<\/span>\n\t<\/span>\n<\/h5>\n<div class=\"qodef-accordion-content\">\n\t<div class=\"qodef-accordion-content-inner\">\n\t\t<p>Security is required for events over 100 people at an additional cost.<\/p>\t<\/div>\n<\/div>\n<h5 class=\"qodef-accordion-title\">\n\t<span class=\"qodef-tab-title\">What is the recommended lead time for booking the private room?<\/span>\n\t<span class=\"qodef-accordion-mark\">\n\t\t<span class=\"qodef-icon--plus\">+<\/span>\n\t\t<span class=\"qodef-icon--minus\">-<\/span>\n\t<\/span>\n<\/h5>\n<div class=\"qodef-accordion-content\">\n\t<div class=\"qodef-accordion-content-inner\">\n\t\t<p>We recommend booking the private event venue at least 2 weeks in advance to ensure availability and proper planning.<\/p>\t<\/div>\n<\/div>\n<h5 class=\"qodef-accordion-title\">\n\t<span class=\"qodef-tab-title\">What is your cancellation policy for private events?<\/span>\n\t<span class=\"qodef-accordion-mark\">\n\t\t<span class=\"qodef-icon--plus\">+<\/span>\n\t\t<span class=\"qodef-icon--minus\">-<\/span>\n\t<\/span>\n<\/h5>\n<div class=\"qodef-accordion-content\">\n\t<div class=\"qodef-accordion-content-inner\">\n\t\t<p>Deposits for private events are non-cancellable.<\/p>\t<\/div>\n<\/div>\n<\/div>\n\t\t\t\t<\/div>\n\t\t\t\t<\/div>\n\t\t\t\t\t<\/div>\n\t\t\t\t<\/div>\n\t\t<div class=\"elementor-element elementor-element-155057a e-flex e-con-boxed e-con e-child\" data-id=\"155057a\" data-element_type=\"container\">\n\t\t\t\t\t<div class=\"e-con-inner\">\n\t\t\t\t<div class=\"elementor-element elementor-element-5cd24e9 elementor-widget elementor-widget-mediteraneo_core_section_title\" data-id=\"5cd24e9\" data-element_type=\"widget\" data-widget_type=\"mediteraneo_core_section_title.default\">\n\t\t\t\t<div class=\"elementor-widget-container\">\n\t\t\t\t\t<div class=\"qodef-shortcode qodef-m  qodef-section-title qodef-custom-font-518 qodef-alignment--left qodef-show-decoration--no \">\n\t\t\t<h2 class=\"qodef-m-title\" >\n\t\t\t\t\tSustainability <span class=\"qodef-highlight-text\">Practices\t\t\t<\/h2>\n\t\t<\/div>\n\t\t\t\t<\/div>\n\t\t\t\t<\/div>\n\t\t\t\t<div class=\"elementor-element elementor-element-6131585 elementor-widget elementor-widget-spacer\" data-id=\"6131585\" data-element_type=\"widget\" data-widget_type=\"spacer.default\">\n\t\t\t\t<div class=\"elementor-widget-container\">\n\t\t\t\t\t\t\t<div class=\"elementor-spacer\">\n\t\t\t<div class=\"elementor-spacer-inner\"><\/div>\n\t\t<\/div>\n\t\t\t\t\t\t<\/div>\n\t\t\t\t<\/div>\n\t\t\t\t<div class=\"elementor-element elementor-element-a41f013 elementor-widget__width-inherit elementor-widget elementor-widget-mediteraneo_core_accordion\" data-id=\"a41f013\" data-element_type=\"widget\" data-widget_type=\"mediteraneo_core_accordion.default\">\n\t\t\t\t<div class=\"elementor-widget-container\">\n\t\t\t\t\t<div class=\"qodef-shortcode qodef-m  qodef-accordion clear qodef-behavior--toggle qodef-layout--simple\">\n\t<h5 class=\"qodef-accordion-title\">\n\t<span class=\"qodef-tab-title\">How does Bar Le Mal N\u00e9cessaire promote sustainability?<\/span>\n\t<span class=\"qodef-accordion-mark\">\n\t\t<span class=\"qodef-icon--plus\">+<\/span>\n\t\t<span class=\"qodef-icon--minus\">-<\/span>\n\t<\/span>\n<\/h5>\n<div class=\"qodef-accordion-content\">\n\t<div class=\"qodef-accordion-content-inner\">\n\t\t<p>At Bar Le Mal N\u00e9cessaire, we prioritize sustainability by minimizing waste and maximizing every ingredient\u2019s use, incorporating eco-friendly practices throughout our operations.<\/p>\t<\/div>\n<\/div>\n<h5 class=\"qodef-accordion-title\">\n\t<span class=\"qodef-tab-title\">What steps do you take to reduce waste in your bar?<\/span>\n\t<span class=\"qodef-accordion-mark\">\n\t\t<span class=\"qodef-icon--plus\">+<\/span>\n\t\t<span class=\"qodef-icon--minus\">-<\/span>\n\t<\/span>\n<\/h5>\n<div class=\"qodef-accordion-content\">\n\t<div class=\"qodef-accordion-content-inner\">\n\t\t<p>Our commitment to eco-friendly practices extends to all aspects of our operations, ensuring that every part of our ingredients is put to good use before composting. For example, we use avocado pits from Capital Tacos for our Falernum syrup and aquafaba from Mandy\u2019s Salads instead of egg whites.<\/p>\t<\/div>\n<\/div>\n<\/div>\n\t\t\t\t<\/div>\n\t\t\t\t<\/div>\n\t\t\t\t\t<\/div>\n\t\t\t\t<\/div>\n\t\t<div class=\"elementor-element elementor-element-15741d9 e-flex e-con-boxed e-con e-child\" data-id=\"15741d9\" data-element_type=\"container\">\n\t\t\t\t\t<div class=\"e-con-inner\">\n\t\t\t\t<div class=\"elementor-element elementor-element-be026b1 elementor-widget elementor-widget-mediteraneo_core_section_title\" data-id=\"be026b1\" data-element_type=\"widget\" data-widget_type=\"mediteraneo_core_section_title.default\">\n\t\t\t\t<div class=\"elementor-widget-container\">\n\t\t\t\t\t<div class=\"qodef-shortcode qodef-m  qodef-section-title qodef-custom-font-186 qodef-alignment--left qodef-show-decoration--no \">\n\t\t\t<h2 class=\"qodef-m-title\" >\n\t\t\t\t\tAdditional <span class=\"qodef-highlight-text\">Information\t\t\t<\/h2>\n\t\t<\/div>\n\t\t\t\t<\/div>\n\t\t\t\t<\/div>\n\t\t\t\t<div class=\"elementor-element elementor-element-4d94abc elementor-widget elementor-widget-spacer\" data-id=\"4d94abc\" data-element_type=\"widget\" data-widget_type=\"spacer.default\">\n\t\t\t\t<div class=\"elementor-widget-container\">\n\t\t\t\t\t\t\t<div class=\"elementor-spacer\">\n\t\t\t<div class=\"elementor-spacer-inner\"><\/div>\n\t\t<\/div>\n\t\t\t\t\t\t<\/div>\n\t\t\t\t<\/div>\n\t\t\t\t<div class=\"elementor-element elementor-element-88c7caf elementor-widget__width-inherit elementor-widget elementor-widget-mediteraneo_core_accordion\" data-id=\"88c7caf\" data-element_type=\"widget\" data-widget_type=\"mediteraneo_core_accordion.default\">\n\t\t\t\t<div class=\"elementor-widget-container\">\n\t\t\t\t\t<div class=\"qodef-shortcode qodef-m  qodef-accordion clear qodef-behavior--toggle qodef-layout--simple\">\n\t<h5 class=\"qodef-accordion-title\">\n\t<span class=\"qodef-tab-title\">Do you offer gift cards?<\/span>\n\t<span class=\"qodef-accordion-mark\">\n\t\t<span class=\"qodef-icon--plus\">+<\/span>\n\t\t<span class=\"qodef-icon--minus\">-<\/span>\n\t<\/span>\n<\/h5>\n<div class=\"qodef-accordion-content\">\n\t<div class=\"qodef-accordion-content-inner\">\n\t\t<p>Currently, we do not offer gift cards.<\/p>\t<\/div>\n<\/div>\n<h5 class=\"qodef-accordion-title\">\n\t<span class=\"qodef-tab-title\">Is Bar Le Mal N\u00e9cessaire wheelchair accessible?<\/span>\n\t<span class=\"qodef-accordion-mark\">\n\t\t<span class=\"qodef-icon--plus\">+<\/span>\n\t\t<span class=\"qodef-icon--minus\">-<\/span>\n\t<\/span>\n<\/h5>\n<div class=\"qodef-accordion-content\">\n\t<div class=\"qodef-accordion-content-inner\">\n\t\t<p>Yes, we are fully wheelchair accessible, including a wheelchair-friendly washroom. Just ask our staff for assistance.<\/p>\t<\/div>\n<\/div>\n<h5 class=\"qodef-accordion-title\">\n\t<span class=\"qodef-tab-title\">What payment methods do you accept?<\/span>\n\t<span class=\"qodef-accordion-mark\">\n\t\t<span class=\"qodef-icon--plus\">+<\/span>\n\t\t<span class=\"qodef-icon--minus\">-<\/span>\n\t<\/span>\n<\/h5>\n<div class=\"qodef-accordion-content\">\n\t<div class=\"qodef-accordion-content-inner\">\n\t\t<p>We accept cash and all major credit cards including Amex, Visa and Mastercard.<\/p>\t<\/div>\n<\/div>\n<\/div>\n\t\t\t\t<\/div>\n\t\t\t\t<\/div>\n\t\t\t\t\t<\/div>\n\t\t\t\t<\/div>\n\t\t\t\t<\/div>\n\t\t\t\t<\/div>\n\t\t","protected":false},"excerpt":{"rendered":"<p>Frequently Asked Questions General Questions What are your opening hours? + &#8211; Bar Le Mal N\u00e9cessaire is open daily from 4:30 PM to 2:00 AM, Sunday through Thursday, and until 3:00 AM on weekends (Friday and Saturday nights) Where is Bar Le Mal N\u00e9cessaire located? + &#8211; Bar Le Mal N\u00e9cessaire is located in the [&hellip;]<\/p>\n","protected":false},"author":1,"featured_media":0,"parent":0,"menu_order":0,"comment_status":"closed","ping_status":"closed","template":"page-full-width.php","meta":{"inline_featured_image":false,"footnotes":""},"class_list":["post-8556","page","type-page","status-publish","hentry"],"_links":{"self":[{"href":"https:\/\/lemalnecessaire.com\/en\/wp-json\/wp\/v2\/pages\/8556","targetHints":{"allow":["GET"]}}],"collection":[{"href":"https:\/\/lemalnecessaire.com\/en\/wp-json\/wp\/v2\/pages"}],"about":[{"href":"https:\/\/lemalnecessaire.com\/en\/wp-json\/wp\/v2\/types\/page"}],"author":[{"embeddable":true,"href":"https:\/\/lemalnecessaire.com\/en\/wp-json\/wp\/v2\/users\/1"}],"replies":[{"embeddable":true,"href":"https:\/\/lemalnecessaire.com\/en\/wp-json\/wp\/v2\/comments?post=8556"}],"version-history":[{"count":41,"href":"https:\/\/lemalnecessaire.com\/en\/wp-json\/wp\/v2\/pages\/8556\/revisions"}],"predecessor-version":[{"id":9401,"href":"https:\/\/lemalnecessaire.com\/en\/wp-json\/wp\/v2\/pages\/8556\/revisions\/9401"}],"wp:attachment":[{"href":"https:\/\/lemalnecessaire.com\/en\/wp-json\/wp\/v2\/media?parent=8556"}],"curies":[{"name":"wp","href":"https:\/\/api.w.org\/{rel}","templated":true}]}}